{"id":1940,"date":"2022-02-24T09:21:01","date_gmt":"2022-02-24T08:21:01","guid":{"rendered":"http:\/\/design.julienchazal.com\/?post_type=product&#038;p=1940"},"modified":"2022-10-09T15:22:54","modified_gmt":"2022-10-09T13:22:54","slug":"carte-postale-n6","status":"publish","type":"product","link":"https:\/\/design.julienchazal.com\/fr\/produit\/carte-postale-n6\/","title":{"rendered":"Carte Postale &#8211; 06"},"content":{"rendered":"","protected":false},"excerpt":{"rendered":"<p>\u00ab\u00a0D\u00e9p\u00eachez-vous de succomber \u00e0 la tentation avant quelle ne s&rsquo;\u00e9loigne.\u00a0\u00bb<\/p>\n<p>Giacomo Casanova (1725 &#8211; 1798)<\/p>\n","protected":false},"featured_media":1615,"comment_status":"open","ping_status":"closed","template":"","meta":{"iawp_total_views":4},"product_brand":[],"product_cat":[42],"product_tag":[],"class_list":{"0":"post-1940","1":"product","2":"type-product","3":"status-publish","4":"has-post-thumbnail","6":"product_cat-cartes-postales","7":"product_shipping_class-petits-formats","9":"first","10":"instock","11":"shipping-taxable","12":"purchasable","13":"product-type-simple"},"_links":{"self":[{"href":"https:\/\/design.julienchazal.com\/fr\/wp-json\/wp\/v2\/product\/1940","targetHints":{"allow":["GET"]}}],"collection":[{"href":"https:\/\/design.julienchazal.com\/fr\/wp-json\/wp\/v2\/product"}],"about":[{"href":"https:\/\/design.julienchazal.com\/fr\/wp-json\/wp\/v2\/types\/product"}],"replies":[{"embeddable":true,"href":"https:\/\/design.julienchazal.com\/fr\/wp-json\/wp\/v2\/comments?post=1940"}],"version-history":[{"count":4,"href":"https:\/\/design.julienchazal.com\/fr\/wp-json\/wp\/v2\/product\/1940\/revisions"}],"predecessor-version":[{"id":2769,"href":"https:\/\/design.julienchazal.com\/fr\/wp-json\/wp\/v2\/product\/1940\/revisions\/2769"}],"wp:featuredmedia":[{"embeddable":true,"href":"https:\/\/design.julienchazal.com\/fr\/wp-json\/wp\/v2\/media\/1615"}],"wp:attachment":[{"href":"https:\/\/design.julienchazal.com\/fr\/wp-json\/wp\/v2\/media?parent=1940"}],"wp:term":[{"taxonomy":"product_brand","embeddable":true,"href":"https:\/\/design.julienchazal.com\/fr\/wp-json\/wp\/v2\/product_brand?post=1940"},{"taxonomy":"product_cat","embeddable":true,"href":"https:\/\/design.julienchazal.com\/fr\/wp-json\/wp\/v2\/product_cat?post=1940"},{"taxonomy":"product_tag","embeddable":true,"href":"https:\/\/design.julienchazal.com\/fr\/wp-json\/wp\/v2\/product_tag?post=1940"}],"curies":[{"name":"wp","href":"https:\/\/api.w.org\/{rel}","templated":true}]}}