{"id":3016,"date":"2022-10-17T15:56:01","date_gmt":"2022-10-17T13:56:01","guid":{"rendered":"https:\/\/design.julienchazal.com\/?post_type=product&#038;p=3016"},"modified":"2022-10-17T15:59:44","modified_gmt":"2022-10-17T13:59:44","slug":"format-long-1150-x-50cm-58","status":"publish","type":"product","link":"https:\/\/design.julienchazal.com\/en\/product\/format-long-1150-x-50cm-58\/","title":{"rendered":"Format long   11,50 x 50cm   58"},"content":{"rendered":"","protected":false},"excerpt":{"rendered":"<p>Papiers encoll\u00e9s sur carton, ces compositions peuvent s&rsquo;accrocher dans toute la maison en mode vertical, mais selon l&rsquo;envie, horizontalement. Vous pouvez l&rsquo;encadrer ou m\u00eame les laisser avec le kraft d&rsquo;encollage qui entoure l&rsquo;\u0153uvre. Fourni avec une attache \u00e0 coller au dos.<\/p>","protected":false},"featured_media":1353,"comment_status":"open","ping_status":"closed","template":"","meta":{"iawp_total_views":1},"product_brand":[],"product_cat":[16],"product_tag":[],"class_list":{"0":"post-3016","1":"product","2":"type-product","3":"status-publish","4":"has-post-thumbnail","6":"product_cat-serie-115-x-50-cm","7":"product_shipping_class-formats-moyens","9":"first","10":"instock","11":"sold-individually","12":"shipping-taxable","13":"purchasable","14":"product-type-simple"},"_links":{"self":[{"href":"https:\/\/design.julienchazal.com\/en\/wp-json\/wp\/v2\/product\/3016","targetHints":{"allow":["GET"]}}],"collection":[{"href":"https:\/\/design.julienchazal.com\/en\/wp-json\/wp\/v2\/product"}],"about":[{"href":"https:\/\/design.julienchazal.com\/en\/wp-json\/wp\/v2\/types\/product"}],"replies":[{"embeddable":true,"href":"https:\/\/design.julienchazal.com\/en\/wp-json\/wp\/v2\/comments?post=3016"}],"version-history":[{"count":1,"href":"https:\/\/design.julienchazal.com\/en\/wp-json\/wp\/v2\/product\/3016\/revisions"}],"predecessor-version":[{"id":3027,"href":"https:\/\/design.julienchazal.com\/en\/wp-json\/wp\/v2\/product\/3016\/revisions\/3027"}],"wp:featuredmedia":[{"embeddable":true,"href":"https:\/\/design.julienchazal.com\/en\/wp-json\/wp\/v2\/media\/1353"}],"wp:attachment":[{"href":"https:\/\/design.julienchazal.com\/en\/wp-json\/wp\/v2\/media?parent=3016"}],"wp:term":[{"taxonomy":"product_brand","embeddable":true,"href":"https:\/\/design.julienchazal.com\/en\/wp-json\/wp\/v2\/product_brand?post=3016"},{"taxonomy":"product_cat","embeddable":true,"href":"https:\/\/design.julienchazal.com\/en\/wp-json\/wp\/v2\/product_cat?post=3016"},{"taxonomy":"product_tag","embeddable":true,"href":"https:\/\/design.julienchazal.com\/en\/wp-json\/wp\/v2\/product_tag?post=3016"}],"curies":[{"name":"wp","href":"https:\/\/api.w.org\/{rel}","templated":true}]}}