{"id":39,"date":"2022-04-10T10:31:38","date_gmt":"2022-04-10T08:31:38","guid":{"rendered":"http:\/\/design.julienchazal.com\/?page_id=39"},"modified":"2026-02-25T19:59:32","modified_gmt":"2026-02-25T18:59:32","slug":"remboursements_retours","status":"publish","type":"page","link":"https:\/\/design.julienchazal.com\/en\/remboursements_retours\/","title":{"rendered":"Politique en mati\u00e8re de remboursements et de retours"},"content":{"rendered":"<div data-elementor-type=\"wp-page\" data-elementor-id=\"39\" class=\"elementor elementor-39\" data-elementor-settings=\"{&quot;ha_cmc_init_switcher&quot;:&quot;no&quot;}\">\n\t\t\t\t\t\t<section class=\"elementor-section elementor-top-section elementor-element elementor-element-49d7654c elementor-section-boxed elementor-section-height-default elementor-section-height-default\" data-id=\"49d7654c\" data-element_type=\"section\" data-e-type=\"section\" data-settings=\"{&quot;_ha_eqh_enable&quot;:false}\">\n\t\t\t\t\t\t<div class=\"elementor-container elementor-column-gap-default\">\n\t\t\t\t\t<div class=\"elementor-column elementor-col-100 elementor-top-column elementor-element elementor-element-1e6edc9\" data-id=\"1e6edc9\" data-element_type=\"column\" data-e-type=\"column\">\n\t\t\t<div class=\"elementor-widget-wrap elementor-element-populated\">\n\t\t\t\t\t\t<div class=\"elementor-element elementor-element-523dd8a elementor-widget elementor-widget-heading\" data-id=\"523dd8a\" data-element_type=\"widget\" data-e-type=\"widget\" data-widget_type=\"heading.default\">\n\t\t\t\t<div class=\"elementor-widget-container\">\n\t\t\t\t\t<h2 class=\"elementor-heading-title elementor-size-default\">Politique en mati\u00e8re de remboursements et de retour<\/h2>\t\t\t\t<\/div>\n\t\t\t\t<\/div>\n\t\t\t\t<div class=\"elementor-element elementor-element-564bb7d7 elementor-widget elementor-widget-text-editor\" data-id=\"564bb7d7\" data-element_type=\"widget\" data-e-type=\"widget\" data-widget_type=\"text-editor.default\">\n\t\t\t\t<div class=\"elementor-widget-container\">\n\t\t\t\t\t\t\t\t\t<p><\/p>\n<p>Notre politique de remboursement et de retour dure 15 jours pour la France (et 30 jours pour le reste du monde). Si 15 (ou 30) jours se sont \u00e9coul\u00e9s depuis votre achat, nous ne pouvons pas vous offrir un remboursement complet ou un \u00e9change. Pour \u00eatre admissible \u00e0 un retour, votre article doit \u00eatre inutilis\u00e9 et dans le m\u00eame \u00e9tat que vous l&rsquo;avez re\u00e7u. Il doit \u00e9galement \u00eatre dans son emballage d&rsquo;origine.<br><br><b>Autres articles non retournables :<\/b><br>&#8211; Cartes-cadeaux<br>Pour compl\u00e9ter votre retour, nous avons besoin d&rsquo;un re\u00e7u ou d&rsquo;une preuve d&rsquo;achat.<br>Dans certaines situations, seuls des remboursements partiels sont accord\u00e9s :<br>&#8211; Livre pr\u00e9sentant des signes \u00e9vidents d&rsquo;utilisation<br>&#8211; Tout article qui n&rsquo;est pas dans son \u00e9tat d&rsquo;origine, qui est endommag\u00e9 ou auquel il manque des pi\u00e8ces pour des raisons qui ne sont pas dues \u00e0 notre erreur.<br>&#8211; Tout article retourn\u00e9 plus de 15 (ou 30) jours apr\u00e8s la livraison.<\/p>\n<p><\/p>\n<p><\/p>\n<h2>Retours<\/h2>\n<p><\/p>\n<p><\/p>\n<p>Une fois votre retour re\u00e7u et inspect\u00e9, nous vous enverrons un e-mail pour vous informer que nous avons re\u00e7u votre article retourn\u00e9. Nous vous informerons \u00e9galement de l&rsquo;approbation ou du rejet de votre remboursement.<br>Si votre remboursement est approuv\u00e9, il sera trait\u00e9 et un cr\u00e9dit sera automatiquement appliqu\u00e9 \u00e0 votre carte de cr\u00e9dit ou \u00e0 votre mode de paiement initial, dans un d\u00e9lai de quelques jours.<\/p>\n<p><\/p>\n<p><\/p>\n<p><b>Remboursements tardifs ou manquants<\/b><br>Si vous n&rsquo;avez pas encore re\u00e7u de remboursement, v\u00e9rifiez d&rsquo;abord \u00e0 nouveau votre compte bancaire.<br>Contactez ensuite la soci\u00e9t\u00e9 \u00e9mettrice de votre carte de cr\u00e9dit. Il peut s&rsquo;\u00e9couler un certain temps avant que votre remboursement ne soit officiellement comptabilis\u00e9.<br>Contactez ensuite votre banque. Il y a souvent un d\u00e9lai de traitement avant que le remboursement ne soit comptabilis\u00e9.<br>Si vous avez fait tout cela et que vous n&rsquo;avez toujours pas re\u00e7u votre remboursement, veuillez nous contacter \u00e0 design@julienchazal.com.<\/p>\n<p><b>Articles en solde<\/b><br>Seuls les articles \u00e0 prix normal peuvent \u00eatre rembours\u00e9s. Les articles en solde ne peuvent \u00eatre rembours\u00e9s.<\/p>\n<p><\/p>\n<p><\/p>\n<h2>\u00c9changes<\/h2>\n<p><\/p>\n<p><\/p>\n<p>Nous ne rempla\u00e7ons les articles que s&rsquo;ils sont d\u00e9fectueux ou endommag\u00e9s. Si vous souhaitez l&rsquo;\u00e9changer contre le m\u00eame article, envoyez-nous un courriel au pr\u00e9alable \u00e0 design@julienchazal.com et envoyez votre article \u00e0 : Julien Chazal &#8211; 22, rue Titon &#8211; 75011 &#8211; Paris (France).<\/p>\n<p><\/p>\n<p><\/p>\n<h2>Cadeaux<\/h2>\n<p><\/p>\n<p><\/p>\n<p>Si l&rsquo;article \u00e9tait marqu\u00e9 comme un cadeau lors de l&rsquo;achat et qu&rsquo;il vous a \u00e9t\u00e9 exp\u00e9di\u00e9 directement, vous recevrez un cr\u00e9dit-cadeau correspondant \u00e0 la valeur de votre retour. D\u00e8s r\u00e9ception de l&rsquo;article retourn\u00e9, un ch\u00e8que-cadeau vous sera envoy\u00e9 par la poste.<br>Si l&rsquo;article n&rsquo;\u00e9tait pas marqu\u00e9 comme cadeau au moment de l&rsquo;achat, ou si le destinataire du cadeau s&rsquo;est fait exp\u00e9dier la commande pour vous la remettre plus tard, nous enverrons un remboursement au destinataire du cadeau et il sera inform\u00e9 de votre retour.<\/p>\n<p><\/p>\n<p><\/p>\n<h2>Retours d&rsquo;exp\u00e9ditions<\/h2>\n<p><\/p>\n<p><\/p>\n<p>Pour retourner votre produit, vous devez l&rsquo;envoyer par courrier \u00e0 : Julien Chazal &#8211; 22, rue Titon &#8211; 75011 &#8211; Paris (France).<br>Vous serez responsable du paiement de vos propres frais d&rsquo;exp\u00e9dition pour le retour de votre article. Les frais d&rsquo;exp\u00e9dition ne sont pas remboursables. Si vous recevez un remboursement, les frais d&rsquo;exp\u00e9dition de retour seront d\u00e9duits de votre remboursement.<br>Le d\u00e9lai d&rsquo;acheminement de votre produit \u00e9chang\u00e9 peut varier en fonction de votre lieu de r\u00e9sidence.<br>Si vous retournez des articles plus chers, vous pouvez envisager d&rsquo;utiliser un service d&rsquo;exp\u00e9dition avec suivi ou de souscrire une assurance exp\u00e9dition. Nous ne garantissons pas que nous recevrons votre article retourn\u00e9.<\/p>\n<p><\/p>\n<p><\/p>\n<h2>Besoin d&rsquo;aide?<\/h2>\n<p><\/p>\n<p><\/p>\n<p>Contactez-nous \u00e0 design@julienchazal.com pour toute question relative aux remboursements et aux retours.<\/p>\t\t\t\t\t\t\t\t<\/div>\n\t\t\t\t<\/div>\n\t\t\t\t\t<\/div>\n\t\t<\/div>\n\t\t\t\t\t<\/div>\n\t\t<\/section>\n\t\t\t\t<\/div>","protected":false},"excerpt":{"rendered":"<p>Politique en mati\u00e8re de remboursements et de retour Notre politique de remboursement et de retour dure 15 jours pour la France (et 30 jours pour le reste du monde). Si 15 (ou 30) jours se sont \u00e9coul\u00e9s depuis votre achat, nous ne pouvons pas vous offrir un remboursement complet ou un \u00e9change. Pour \u00eatre admissible [&hellip;]<\/p>\n","protected":false},"author":1,"featured_media":0,"parent":0,"menu_order":0,"comment_status":"closed","ping_status":"closed","template":"","meta":{"iawp_total_views":0,"footnotes":""},"folder":[],"class_list":["post-39","page","type-page","status-publish","hentry"],"blocksy_meta":{"styles_descriptor":{"styles":{"desktop":"","tablet":"","mobile":""},"google_fonts":[],"version":6}},"_links":{"self":[{"href":"https:\/\/design.julienchazal.com\/en\/wp-json\/wp\/v2\/pages\/39","targetHints":{"allow":["GET"]}}],"collection":[{"href":"https:\/\/design.julienchazal.com\/en\/wp-json\/wp\/v2\/pages"}],"about":[{"href":"https:\/\/design.julienchazal.com\/en\/wp-json\/wp\/v2\/types\/page"}],"author":[{"embeddable":true,"href":"https:\/\/design.julienchazal.com\/en\/wp-json\/wp\/v2\/users\/1"}],"replies":[{"embeddable":true,"href":"https:\/\/design.julienchazal.com\/en\/wp-json\/wp\/v2\/comments?post=39"}],"version-history":[{"count":7,"href":"https:\/\/design.julienchazal.com\/en\/wp-json\/wp\/v2\/pages\/39\/revisions"}],"predecessor-version":[{"id":2674,"href":"https:\/\/design.julienchazal.com\/en\/wp-json\/wp\/v2\/pages\/39\/revisions\/2674"}],"wp:attachment":[{"href":"https:\/\/design.julienchazal.com\/en\/wp-json\/wp\/v2\/media?parent=39"}],"wp:term":[{"taxonomy":"folder","embeddable":true,"href":"https:\/\/design.julienchazal.com\/en\/wp-json\/wp\/v2\/folder?post=39"}],"curies":[{"name":"wp","href":"https:\/\/api.w.org\/{rel}","templated":true}]}}