{"id":2865,"date":"2022-10-17T09:33:05","date_gmt":"2022-10-17T07:33:05","guid":{"rendered":"https:\/\/design.julienchazal.com\/?post_type=product&#038;p=2865"},"modified":"2022-10-17T09:33:06","modified_gmt":"2022-10-17T07:33:06","slug":"format-long-10-x-20cm-04-2","status":"publish","type":"product","link":"http:\/\/design.julienchazal.com\/fr\/produit\/format-long-10-x-20cm-04-2\/","title":{"rendered":"Format long &#8211; 10 x 20cm &#8211; 04"},"content":{"rendered":"","protected":false},"excerpt":{"rendered":"<p>Papiers encoll\u00e9s sur carton, ces compositions peuvent s&rsquo;accrocher dans toute la maison en mode vertical, mais selon l&rsquo;envie, horizontalement. Vous pouvez l&rsquo;encadrer ou m\u00eame les laisser avec le kraft d&rsquo;encollage qui entoure l&rsquo;\u0153uvre. Fourni avec une attache \u00e0 coller au dos.<\/p>\n","protected":false},"featured_media":1419,"comment_status":"open","ping_status":"closed","template":"","meta":{"iawp_total_views":4},"product_brand":[],"product_cat":[30],"product_tag":[],"class_list":{"0":"post-2865","1":"product","2":"type-product","3":"status-publish","4":"has-post-thumbnail","6":"product_cat-serie-10-x-20-cm","7":"product_shipping_class-petits-formats","9":"first","10":"instock","11":"sold-individually","12":"shipping-taxable","13":"purchasable","14":"product-type-simple"},"_links":{"self":[{"href":"http:\/\/design.julienchazal.com\/fr\/wp-json\/wp\/v2\/product\/2865","targetHints":{"allow":["GET"]}}],"collection":[{"href":"http:\/\/design.julienchazal.com\/fr\/wp-json\/wp\/v2\/product"}],"about":[{"href":"http:\/\/design.julienchazal.com\/fr\/wp-json\/wp\/v2\/types\/product"}],"replies":[{"embeddable":true,"href":"http:\/\/design.julienchazal.com\/fr\/wp-json\/wp\/v2\/comments?post=2865"}],"version-history":[{"count":1,"href":"http:\/\/design.julienchazal.com\/fr\/wp-json\/wp\/v2\/product\/2865\/revisions"}],"predecessor-version":[{"id":2873,"href":"http:\/\/design.julienchazal.com\/fr\/wp-json\/wp\/v2\/product\/2865\/revisions\/2873"}],"wp:featuredmedia":[{"embeddable":true,"href":"http:\/\/design.julienchazal.com\/fr\/wp-json\/wp\/v2\/media\/1419"}],"wp:attachment":[{"href":"http:\/\/design.julienchazal.com\/fr\/wp-json\/wp\/v2\/media?parent=2865"}],"wp:term":[{"taxonomy":"product_brand","embeddable":true,"href":"http:\/\/design.julienchazal.com\/fr\/wp-json\/wp\/v2\/product_brand?post=2865"},{"taxonomy":"product_cat","embeddable":true,"href":"http:\/\/design.julienchazal.com\/fr\/wp-json\/wp\/v2\/product_cat?post=2865"},{"taxonomy":"product_tag","embeddable":true,"href":"http:\/\/design.julienchazal.com\/fr\/wp-json\/wp\/v2\/product_tag?post=2865"}],"curies":[{"name":"wp","href":"https:\/\/api.w.org\/{rel}","templated":true}]}}