{"id":1910,"date":"2022-02-23T21:56:24","date_gmt":"2022-02-23T20:56:24","guid":{"rendered":"http:\/\/design.julienchazal.com\/?post_type=product&#038;p=1910"},"modified":"2026-03-08T19:44:32","modified_gmt":"2026-03-08T18:44:32","slug":"calligraphie-le-guide-complet","status":"publish","type":"product","link":"http:\/\/design.julienchazal.com\/fr\/produit\/calligraphie-le-guide-complet\/","title":{"rendered":"Calligraphie, le guide complet"},"content":{"rendered":"","protected":false},"excerpt":{"rendered":"<p>Aujourd&rsquo;hui r\u00e9f\u00e9rence de la calligraphie latine, ce livre contient plus d&rsquo;une cinquantaine de mod\u00e8les historiques trait\u00e9s d&rsquo;une mani\u00e8re tr\u00e8s p\u00e9dagogiques. De tr\u00e8s nombreux articles vous donnerons tous les conseils pour \u00e9voluer dans l&rsquo;art de la belle \u00e9criture. 224 pages.<\/p>\n<hr \/>\n<p>Ce livre n&rsquo;est pas vendu sur ce site. Pour l&rsquo;acheter sur un site que je recommande, cliquez sur <em>Acheter le produit<\/em>.<\/p>\n","protected":false},"featured_media":1883,"comment_status":"open","ping_status":"closed","template":"","meta":{"iawp_total_views":14},"product_brand":[],"product_cat":[41],"product_tag":[],"class_list":{"0":"post-1910","1":"product","2":"type-product","3":"status-publish","4":"has-post-thumbnail","6":"product_cat-les-livres","7":"product_shipping_class-livres","9":"first","10":"instock","11":"sold-individually","12":"shipping-taxable","13":"product-type-external"},"_links":{"self":[{"href":"http:\/\/design.julienchazal.com\/fr\/wp-json\/wp\/v2\/product\/1910","targetHints":{"allow":["GET"]}}],"collection":[{"href":"http:\/\/design.julienchazal.com\/fr\/wp-json\/wp\/v2\/product"}],"about":[{"href":"http:\/\/design.julienchazal.com\/fr\/wp-json\/wp\/v2\/types\/product"}],"replies":[{"embeddable":true,"href":"http:\/\/design.julienchazal.com\/fr\/wp-json\/wp\/v2\/comments?post=1910"}],"version-history":[{"count":9,"href":"http:\/\/design.julienchazal.com\/fr\/wp-json\/wp\/v2\/product\/1910\/revisions"}],"predecessor-version":[{"id":2759,"href":"http:\/\/design.julienchazal.com\/fr\/wp-json\/wp\/v2\/product\/1910\/revisions\/2759"}],"wp:featuredmedia":[{"embeddable":true,"href":"http:\/\/design.julienchazal.com\/fr\/wp-json\/wp\/v2\/media\/1883"}],"wp:attachment":[{"href":"http:\/\/design.julienchazal.com\/fr\/wp-json\/wp\/v2\/media?parent=1910"}],"wp:term":[{"taxonomy":"product_brand","embeddable":true,"href":"http:\/\/design.julienchazal.com\/fr\/wp-json\/wp\/v2\/product_brand?post=1910"},{"taxonomy":"product_cat","embeddable":true,"href":"http:\/\/design.julienchazal.com\/fr\/wp-json\/wp\/v2\/product_cat?post=1910"},{"taxonomy":"product_tag","embeddable":true,"href":"http:\/\/design.julienchazal.com\/fr\/wp-json\/wp\/v2\/product_tag?post=1910"}],"curies":[{"name":"wp","href":"https:\/\/api.w.org\/{rel}","templated":true}]}}