{"id":3806,"date":"2024-09-17T08:36:03","date_gmt":"2024-09-17T06:36:03","guid":{"rendered":"https:\/\/design.julienchazal.com\/?post_type=product&#038;p=3806"},"modified":"2026-03-26T15:49:52","modified_gmt":"2026-03-26T14:49:52","slug":"lennemi","status":"publish","type":"product","link":"http:\/\/design.julienchazal.com\/en\/product\/lennemi\/","title":{"rendered":"L&rsquo;Ennemi"},"content":{"rendered":"","protected":false},"excerpt":{"rendered":"<p><span data-surface-wrapper=\"1\" data-surface=\"\/bizweb:composer\" data-auto-logging-id=\"fedd59a430a7ec\">\u00ab\u00a0L&rsquo;Ennemi\u00a0\u00bb est un po\u00e8me de Charles Baudelaire, ici retransform\u00e9 en collage, gesso, gouaches, calligraphies, pour un rendu \u00e0 l&rsquo;allure floral et color\u00e9.<br \/>\n<\/span>71,75 x 24,75cm (encadrement compris).<br \/>\nVendu encadr\u00e9.<\/p>","protected":false},"featured_media":4185,"comment_status":"open","ping_status":"closed","template":"","meta":{"iawp_total_views":0},"product_brand":[],"product_cat":[67],"product_tag":[],"class_list":{"0":"post-3806","1":"product","2":"type-product","3":"status-publish","4":"has-post-thumbnail","6":"product_cat-a-la-une","7":"product_shipping_class-formats-moyens","9":"first","10":"instock","11":"shipping-taxable","12":"purchasable","13":"product-type-simple"},"_links":{"self":[{"href":"http:\/\/design.julienchazal.com\/en\/wp-json\/wp\/v2\/product\/3806","targetHints":{"allow":["GET"]}}],"collection":[{"href":"http:\/\/design.julienchazal.com\/en\/wp-json\/wp\/v2\/product"}],"about":[{"href":"http:\/\/design.julienchazal.com\/en\/wp-json\/wp\/v2\/types\/product"}],"replies":[{"embeddable":true,"href":"http:\/\/design.julienchazal.com\/en\/wp-json\/wp\/v2\/comments?post=3806"}],"version-history":[{"count":3,"href":"http:\/\/design.julienchazal.com\/en\/wp-json\/wp\/v2\/product\/3806\/revisions"}],"predecessor-version":[{"id":3809,"href":"http:\/\/design.julienchazal.com\/en\/wp-json\/wp\/v2\/product\/3806\/revisions\/3809"}],"wp:featuredmedia":[{"embeddable":true,"href":"http:\/\/design.julienchazal.com\/en\/wp-json\/wp\/v2\/media\/4185"}],"wp:attachment":[{"href":"http:\/\/design.julienchazal.com\/en\/wp-json\/wp\/v2\/media?parent=3806"}],"wp:term":[{"taxonomy":"product_brand","embeddable":true,"href":"http:\/\/design.julienchazal.com\/en\/wp-json\/wp\/v2\/product_brand?post=3806"},{"taxonomy":"product_cat","embeddable":true,"href":"http:\/\/design.julienchazal.com\/en\/wp-json\/wp\/v2\/product_cat?post=3806"},{"taxonomy":"product_tag","embeddable":true,"href":"http:\/\/design.julienchazal.com\/en\/wp-json\/wp\/v2\/product_tag?post=3806"}],"curies":[{"name":"wp","href":"https:\/\/api.w.org\/{rel}","templated":true}]}}