{"id":3767,"date":"2024-09-08T16:58:23","date_gmt":"2024-09-08T14:58:23","guid":{"rendered":"https:\/\/design.julienchazal.com\/?post_type=product&#038;p=3767"},"modified":"2026-03-26T10:42:35","modified_gmt":"2026-03-26T09:42:35","slug":"alphabet-pinceau","status":"publish","type":"product","link":"http:\/\/design.julienchazal.com\/en\/product\/alphabet-pinceau\/","title":{"rendered":"Alphabet Pinceau"},"content":{"rendered":"","protected":false},"excerpt":{"rendered":"<p>Gouache sur papier. Deux alphabets superpos\u00e9s avec une transparence. sur fond vert. composition simple et l\u00e9g\u00e8re.<br \/>\npapier tendu sur carton rigide 3mm avec un bord d&rsquo;un kraft. Vous pourrez le suspendre tel quel avec un \u0153illet simple \u00e0 coller (fourni avec) ou trouver un encadrement qui vous conviendra.<br \/>\n50 x 32 cm<\/p>","protected":false},"featured_media":4162,"comment_status":"open","ping_status":"closed","template":"","meta":{"iawp_total_views":3},"product_brand":[],"product_cat":[67],"product_tag":[],"class_list":{"0":"post-3767","1":"product","2":"type-product","3":"status-publish","4":"has-post-thumbnail","6":"product_cat-a-la-une","7":"product_shipping_class-formats-moyens","9":"first","10":"instock","11":"shipping-taxable","12":"purchasable","13":"product-type-simple"},"_links":{"self":[{"href":"http:\/\/design.julienchazal.com\/en\/wp-json\/wp\/v2\/product\/3767","targetHints":{"allow":["GET"]}}],"collection":[{"href":"http:\/\/design.julienchazal.com\/en\/wp-json\/wp\/v2\/product"}],"about":[{"href":"http:\/\/design.julienchazal.com\/en\/wp-json\/wp\/v2\/types\/product"}],"replies":[{"embeddable":true,"href":"http:\/\/design.julienchazal.com\/en\/wp-json\/wp\/v2\/comments?post=3767"}],"version-history":[{"count":4,"href":"http:\/\/design.julienchazal.com\/en\/wp-json\/wp\/v2\/product\/3767\/revisions"}],"predecessor-version":[{"id":3823,"href":"http:\/\/design.julienchazal.com\/en\/wp-json\/wp\/v2\/product\/3767\/revisions\/3823"}],"wp:featuredmedia":[{"embeddable":true,"href":"http:\/\/design.julienchazal.com\/en\/wp-json\/wp\/v2\/media\/4162"}],"wp:attachment":[{"href":"http:\/\/design.julienchazal.com\/en\/wp-json\/wp\/v2\/media?parent=3767"}],"wp:term":[{"taxonomy":"product_brand","embeddable":true,"href":"http:\/\/design.julienchazal.com\/en\/wp-json\/wp\/v2\/product_brand?post=3767"},{"taxonomy":"product_cat","embeddable":true,"href":"http:\/\/design.julienchazal.com\/en\/wp-json\/wp\/v2\/product_cat?post=3767"},{"taxonomy":"product_tag","embeddable":true,"href":"http:\/\/design.julienchazal.com\/en\/wp-json\/wp\/v2\/product_tag?post=3767"}],"curies":[{"name":"wp","href":"https:\/\/api.w.org\/{rel}","templated":true}]}}