{"id":1928,"date":"2022-02-24T09:02:40","date_gmt":"2022-02-24T08:02:40","guid":{"rendered":"http:\/\/design.julienchazal.com\/?post_type=product&#038;p=1928"},"modified":"2026-03-08T19:44:32","modified_gmt":"2026-03-08T18:44:32","slug":"lettres-ornements-gothiques","status":"publish","type":"product","link":"http:\/\/design.julienchazal.com\/en\/product\/lettres-ornements-gothiques\/","title":{"rendered":"Lettres &#038; Ornements Gothiques"},"content":{"rendered":"","protected":false},"excerpt":{"rendered":"<p>Livre tr\u00e8s complet sur un apprentissage des styles de calligraphie du moyen-\u00e2ge. Niveau d\u00e9butant \u00e0 confirm\u00e9.<\/p>","protected":false},"featured_media":1880,"comment_status":"open","ping_status":"closed","template":"","meta":{"iawp_total_views":5},"product_brand":[],"product_cat":[41],"product_tag":[],"class_list":{"0":"post-1928","1":"product","2":"type-product","3":"status-publish","4":"has-post-thumbnail","6":"product_cat-les-livres","7":"product_shipping_class-livres","9":"first","10":"outofstock","11":"shipping-taxable","12":"purchasable","13":"product-type-simple"},"_links":{"self":[{"href":"http:\/\/design.julienchazal.com\/en\/wp-json\/wp\/v2\/product\/1928","targetHints":{"allow":["GET"]}}],"collection":[{"href":"http:\/\/design.julienchazal.com\/en\/wp-json\/wp\/v2\/product"}],"about":[{"href":"http:\/\/design.julienchazal.com\/en\/wp-json\/wp\/v2\/types\/product"}],"replies":[{"embeddable":true,"href":"http:\/\/design.julienchazal.com\/en\/wp-json\/wp\/v2\/comments?post=1928"}],"version-history":[{"count":4,"href":"http:\/\/design.julienchazal.com\/en\/wp-json\/wp\/v2\/product\/1928\/revisions"}],"predecessor-version":[{"id":2773,"href":"http:\/\/design.julienchazal.com\/en\/wp-json\/wp\/v2\/product\/1928\/revisions\/2773"}],"wp:featuredmedia":[{"embeddable":true,"href":"http:\/\/design.julienchazal.com\/en\/wp-json\/wp\/v2\/media\/1880"}],"wp:attachment":[{"href":"http:\/\/design.julienchazal.com\/en\/wp-json\/wp\/v2\/media?parent=1928"}],"wp:term":[{"taxonomy":"product_brand","embeddable":true,"href":"http:\/\/design.julienchazal.com\/en\/wp-json\/wp\/v2\/product_brand?post=1928"},{"taxonomy":"product_cat","embeddable":true,"href":"http:\/\/design.julienchazal.com\/en\/wp-json\/wp\/v2\/product_cat?post=1928"},{"taxonomy":"product_tag","embeddable":true,"href":"http:\/\/design.julienchazal.com\/en\/wp-json\/wp\/v2\/product_tag?post=1928"}],"curies":[{"name":"wp","href":"https:\/\/api.w.org\/{rel}","templated":true}]}}