{"id":1926,"date":"2022-02-24T08:58:07","date_gmt":"2022-02-24T07:58:07","guid":{"rendered":"http:\/\/design.julienchazal.com\/?post_type=product&#038;p=1926"},"modified":"2026-03-08T19:44:32","modified_gmt":"2026-03-08T18:44:32","slug":"bien-debuter-en-calligraphie","status":"publish","type":"product","link":"http:\/\/design.julienchazal.com\/en\/product\/bien-debuter-en-calligraphie\/","title":{"rendered":"Bien d\u00e9buter en Calligraphie"},"content":{"rendered":"","protected":false},"excerpt":{"rendered":"<p>Concept p\u00e9dagogique simple, ce livre comporte 7 alphabets pour d\u00e9butants, vendu avec une plume et porte-plume 2mm.<\/p>\n<hr \/>\n<p>Demandez votre d\u00e9dicace !<\/p>","protected":false},"featured_media":1877,"comment_status":"open","ping_status":"closed","template":"","meta":{"iawp_total_views":3},"product_brand":[],"product_cat":[41],"product_tag":[],"class_list":{"0":"post-1926","1":"product","2":"type-product","3":"status-publish","4":"has-post-thumbnail","6":"product_cat-les-livres","7":"product_shipping_class-livres","9":"first","10":"outofstock","11":"shipping-taxable","12":"purchasable","13":"product-type-simple"},"_links":{"self":[{"href":"http:\/\/design.julienchazal.com\/en\/wp-json\/wp\/v2\/product\/1926","targetHints":{"allow":["GET"]}}],"collection":[{"href":"http:\/\/design.julienchazal.com\/en\/wp-json\/wp\/v2\/product"}],"about":[{"href":"http:\/\/design.julienchazal.com\/en\/wp-json\/wp\/v2\/types\/product"}],"replies":[{"embeddable":true,"href":"http:\/\/design.julienchazal.com\/en\/wp-json\/wp\/v2\/comments?post=1926"}],"version-history":[{"count":1,"href":"http:\/\/design.julienchazal.com\/en\/wp-json\/wp\/v2\/product\/1926\/revisions"}],"predecessor-version":[{"id":1927,"href":"http:\/\/design.julienchazal.com\/en\/wp-json\/wp\/v2\/product\/1926\/revisions\/1927"}],"wp:featuredmedia":[{"embeddable":true,"href":"http:\/\/design.julienchazal.com\/en\/wp-json\/wp\/v2\/media\/1877"}],"wp:attachment":[{"href":"http:\/\/design.julienchazal.com\/en\/wp-json\/wp\/v2\/media?parent=1926"}],"wp:term":[{"taxonomy":"product_brand","embeddable":true,"href":"http:\/\/design.julienchazal.com\/en\/wp-json\/wp\/v2\/product_brand?post=1926"},{"taxonomy":"product_cat","embeddable":true,"href":"http:\/\/design.julienchazal.com\/en\/wp-json\/wp\/v2\/product_cat?post=1926"},{"taxonomy":"product_tag","embeddable":true,"href":"http:\/\/design.julienchazal.com\/en\/wp-json\/wp\/v2\/product_tag?post=1926"}],"curies":[{"name":"wp","href":"https:\/\/api.w.org\/{rel}","templated":true}]}}