{"id":1924,"date":"2022-02-24T08:51:37","date_gmt":"2022-02-24T07:51:37","guid":{"rendered":"http:\/\/design.julienchazal.com\/?post_type=product&#038;p=1924"},"modified":"2026-03-08T19:44:32","modified_gmt":"2026-03-08T18:44:32","slug":"mail-art-calligraphie","status":"publish","type":"product","link":"http:\/\/design.julienchazal.com\/en\/product\/mail-art-calligraphie\/","title":{"rendered":"Mail Art &#038; Calligraphie"},"content":{"rendered":"","protected":false},"excerpt":{"rendered":"<p>Ce livre regroupe une petite partie de enveloppes que j&rsquo;ai pu recevoir. Le Mail-Art, ou art postal, en calligraphie a \u00e9t\u00e9 une grande \u00e9poque d&rsquo;\u00e9changes internationaux.<\/p>\n<hr \/>\n<p>Demandez votre d\u00e9dicace !<\/p>","protected":false},"featured_media":1881,"comment_status":"open","ping_status":"closed","template":"","meta":{"iawp_total_views":6},"product_brand":[],"product_cat":[41],"product_tag":[],"class_list":{"0":"post-1924","1":"product","2":"type-product","3":"status-publish","4":"has-post-thumbnail","6":"product_cat-les-livres","7":"product_shipping_class-livres","9":"first","10":"outofstock","11":"shipping-taxable","12":"purchasable","13":"product-type-simple"},"_links":{"self":[{"href":"http:\/\/design.julienchazal.com\/en\/wp-json\/wp\/v2\/product\/1924","targetHints":{"allow":["GET"]}}],"collection":[{"href":"http:\/\/design.julienchazal.com\/en\/wp-json\/wp\/v2\/product"}],"about":[{"href":"http:\/\/design.julienchazal.com\/en\/wp-json\/wp\/v2\/types\/product"}],"replies":[{"embeddable":true,"href":"http:\/\/design.julienchazal.com\/en\/wp-json\/wp\/v2\/comments?post=1924"}],"version-history":[{"count":1,"href":"http:\/\/design.julienchazal.com\/en\/wp-json\/wp\/v2\/product\/1924\/revisions"}],"predecessor-version":[{"id":1925,"href":"http:\/\/design.julienchazal.com\/en\/wp-json\/wp\/v2\/product\/1924\/revisions\/1925"}],"wp:featuredmedia":[{"embeddable":true,"href":"http:\/\/design.julienchazal.com\/en\/wp-json\/wp\/v2\/media\/1881"}],"wp:attachment":[{"href":"http:\/\/design.julienchazal.com\/en\/wp-json\/wp\/v2\/media?parent=1924"}],"wp:term":[{"taxonomy":"product_brand","embeddable":true,"href":"http:\/\/design.julienchazal.com\/en\/wp-json\/wp\/v2\/product_brand?post=1924"},{"taxonomy":"product_cat","embeddable":true,"href":"http:\/\/design.julienchazal.com\/en\/wp-json\/wp\/v2\/product_cat?post=1924"},{"taxonomy":"product_tag","embeddable":true,"href":"http:\/\/design.julienchazal.com\/en\/wp-json\/wp\/v2\/product_tag?post=1924"}],"curies":[{"name":"wp","href":"https:\/\/api.w.org\/{rel}","templated":true}]}}