{"id":2308,"date":"2022-03-13T19:02:31","date_gmt":"2022-03-13T18:02:31","guid":{"rendered":"http:\/\/design.julienchazal.com\/?page_id=2308"},"modified":"2026-02-25T19:59:32","modified_gmt":"2026-02-25T18:59:32","slug":"conditions-generales-de-vente","status":"publish","type":"page","link":"http:\/\/design.julienchazal.com\/en\/conditions-generales-de-vente\/","title":{"rendered":"Terms and Conditions of Sale"},"content":{"rendered":"<div data-elementor-type=\"wp-page\" data-elementor-id=\"2308\" class=\"elementor elementor-2308\" data-elementor-settings=\"{&quot;ha_cmc_init_switcher&quot;:&quot;no&quot;}\">\n\t\t\t\t\t\t<section class=\"elementor-section elementor-top-section elementor-element elementor-element-370ec4d elementor-section-boxed elementor-section-height-default elementor-section-height-default\" data-id=\"370ec4d\" data-element_type=\"section\" data-e-type=\"section\" data-settings=\"{&quot;_ha_eqh_enable&quot;:false}\">\n\t\t\t\t\t\t<div class=\"elementor-container elementor-column-gap-default\">\n\t\t\t\t\t<div class=\"elementor-column elementor-col-100 elementor-top-column elementor-element elementor-element-346332a\" data-id=\"346332a\" data-element_type=\"column\" data-e-type=\"column\">\n\t\t\t<div class=\"elementor-widget-wrap elementor-element-populated\">\n\t\t\t\t\t\t<div class=\"elementor-element elementor-element-b295ed3 elementor-widget elementor-widget-heading\" data-id=\"b295ed3\" data-element_type=\"widget\" data-e-type=\"widget\" data-widget_type=\"heading.default\">\n\t\t\t\t<div class=\"elementor-widget-container\">\n\t\t\t\t\t<h2 class=\"elementor-heading-title elementor-size-default\">\nTerms and Conditions of Sale<\/h2>\t\t\t\t<\/div>\n\t\t\t\t<\/div>\n\t\t\t\t<div class=\"elementor-element elementor-element-1baf48b elementor-widget elementor-widget-text-editor\" data-id=\"1baf48b\" data-element_type=\"widget\" data-e-type=\"widget\" data-widget_type=\"text-editor.default\">\n\t\t\t\t<div class=\"elementor-widget-container\">\n\t\t\t\t\t\t\t\t\t<div>\n<h5><span style=\"color: #333333;\">Salesman<\/span><\/h5>\n<p><span style=\"color: #333333;\"><strong>Julien Chazal &#8211; Artiste &amp; calligraphe professionnel<\/strong><\/span><br><span style=\"color: #333333;\">22, rue Titon &#8211; 75 011 &#8211; Paris (France)<br>Tel : 0(33)1 43 79 52 59 \u2022 0(33)6 75 07 21 63<br><\/span><\/p>\n<p><span style=\"color: #333333;\"><strong>N\u00b0Maison des Artistes \/ URSSAF<\/strong> : C211811<br><strong>Num\u00e9ro Siret<\/strong>&nbsp;: <span class=\"copyNumber__copy\">420 088 866 00025<\/span><br>Non soumis \u00e0 TVA<br>H\u00e9bergeur : OVH<\/span><\/p>\n<h3><span style=\"color: #333333;\">Orders<\/span><\/h3>\n<p><span style=\"color: #333333;\"><strong>Registration<\/strong><\/span><br><span style=\"color: #333333;\">La validation de la commande par le Client n\u00e9cessite la finalisation du processus du tunnel d\u2019achat dans le cadre d\u2019une commande sur le site Internet http:\/\/design.julienchazal.com<br><\/span><\/p>\n<p><span style=\"color: #333333;\"><strong>Order validation<\/strong><\/span><br><span style=\"color: #333333;\">Apr\u00e8s validation de&nbsp;la&nbsp;commande, le client re\u00e7oit un message de confirmation \u00e0 l\u2019adresse e-mail donn\u00e9e. Ce message contient le num\u00e9ro de commande qui devra \u00eatre mentionn\u00e9 \u00e0 chaque \u00e9change.<\/span><\/p>\n<p><span style=\"color: #333333;\">La commande ne devient&nbsp;d\u00e9finitive&nbsp;qu\u2019apr\u00e8s la r\u00e9ception du paiement.<\/span><\/p>\n<h3><span style=\"color: #333333;\">Nature des \u0153uvres vendues<\/span><\/h3>\n<p><span style=\"color: #333333;\">Tous les tableaux,\u0153uvres originales, livres et carteries en vente sur le site Internet sont propos\u00e9s par l\u2019artiste Julien CHAZAL immatricul\u00e9 \u00e0 la maison des artistes \/ URSSAF sous le num\u00e9ro :&nbsp; C211811.<\/span><br><span style=\"color: #333333;\">Ce statut ouvre un droit de d\u00e9duction fiscale pour les entreprises (pour les \u0153uvres d&rsquo;art uniquement). L\u2019acquisition d\u2019une \u0153uvre d\u2019art ne donne aucun droit de repr\u00e9sentation, de diffusion ou reproduction \u00e0 son acqu\u00e9reur. Seul l\u2019artiste Julien CHAZAL garde son droit sur sa cr\u00e9ation. Toute utilisation du visuel des \u0153uvres devra faire l\u2019objet d\u2019une demande d\u2019autorisation.<\/span><\/p>\n<h3><span style=\"color: #333333;\">Order one or more paintings<\/span><\/h3>\n<p><span style=\"color: #333333;\">Pour commander un ou plusieurs tableaux, vous devez vous rendre sur la page du tableau que vous souhaitez d\u2019acqu\u00e9rir, et cliquer sur le bouton \u201cAjouter au panier\u201d. Pour finaliser vos achat, cliquez sur la partie correspondante dans la partie panier. Il vous suffit ensuite de cliquer sur \u201cCommander\u201d pour lancer le process de commande.<\/span><\/p>\n<h3><span style=\"color: #333333;\">The means of payment<\/span><\/h3>\n<p><span style=\"color: #333333;\">&nbsp;\u2013 Carte bancaire<\/span><br><span style=\"color: #333333;\">&nbsp;\u2013 Ch\u00e8que<\/span><br><span style=\"color: #333333;\">&nbsp;\u2013 Virement&nbsp;<\/span><\/p>\n<h3><span style=\"color: #333333;\">S\u00e9curit\u00e9 des paiements<\/span><\/h3>\n<p><span style=\"color: #333333;\">Toutes les transactions par cartes bancaires offrent et assurent un syst\u00e8me de paiement totalement s\u00e9curis\u00e9.&nbsp; La page de saisie de vos informations bancaires est crypt\u00e9e (technologie SSL, Secure Socket Layer). Vos coordonn\u00e9es bancaires ne peuvent \u00eatre intercept\u00e9es. Vos donn\u00e9es bancaires (num\u00e9ro de carte, date expiration et cryptogramme.) ne sont pas communiqu\u00e9es \u00e0 Julien CHAZAL.<\/span><\/p>\n<h3><span style=\"color: #333333;\">Livraison &#8211; exp\u00e9ditions<\/span><\/h3>\n<p><span style=\"color: #333333;\">La livraison sera effectu\u00e9e \u00e0 l\u2019adresse de livraison indiqu\u00e9e dans un d\u00e9lai de<strong>&nbsp;7 working days<\/strong>. Les frais de livraison seront indiqu\u00e9s \u00e0 la fin de votre processus de commande.<\/span><\/p>\n<h3><span style=\"color: #333333;\">Modalit\u00e9s de retour<\/span><\/h3>\n<p><span style=\"color: #333333;\">Conform\u00e9ment \u00e0 l\u2019article L121-20 du code de la consommation , vous disposez d\u2019un d\u00e9lai de r\u00e9tractation de 15 jours. Durant cette p\u00e9riode vous pouvez nous retourner les \u0153uvres ( les frais de port retour seront \u00e0 votre charge). Le remboursement sera effectu\u00e9 sous un d\u00e9lai de 15 jours apr\u00e8s r\u00e9ception des \u0153uvres.<\/span><\/p>\n<h3><span style=\"color: #333333;\">Responsabilit\u00e9 et Garantie<\/span><\/h3>\n<p><span style=\"color: #333333;\">Le pr\u00e9sent contrat est r\u00e9gi par la loi fran\u00e7aise. Tout litige sera soumis \u00e0 la comp\u00e9tence exclusive des tribunaux de Paris.<\/span><\/p>\n<h3><span style=\"color: #333333;\">Contact us<\/span><\/h3>\n<p><span style=\"color: #333333;\">For all contacts : design@julienchazal.com<\/span><\/p>\n<\/div>&nbsp;\t\t\t\t\t\t\t\t<\/div>\n\t\t\t\t<\/div>\n\t\t\t\t\t<\/div>\n\t\t<\/div>\n\t\t\t\t\t<\/div>\n\t\t<\/section>\n\t\t\t\t<\/div>","protected":false},"excerpt":{"rendered":"<p>Conditions G\u00e9n\u00e9rales de Vente Vendeur Julien Chazal &#8211; Artiste &amp; calligraphe professionnel22, rue Titon &#8211; 75 011 &#8211; Paris (France)Tel : 0(33)1 43 79 52 59 \u2022 0(33)6 75 07 21 63 N\u00b0Maison des Artistes \/ URSSAF : C211811Num\u00e9ro Siret&nbsp;: 420 088 866 00025Non soumis \u00e0 TVAH\u00e9bergeur : OVH Commandes EnregistrementLa validation de la commande [&hellip;]<\/p>\n","protected":false},"author":1,"featured_media":0,"parent":0,"menu_order":0,"comment_status":"closed","ping_status":"closed","template":"","meta":{"iawp_total_views":3,"footnotes":""},"folder":[],"class_list":["post-2308","page","type-page","status-publish","hentry"],"blocksy_meta":{"styles_descriptor":{"styles":{"desktop":"","tablet":"","mobile":""},"google_fonts":[],"version":6}},"_links":{"self":[{"href":"http:\/\/design.julienchazal.com\/en\/wp-json\/wp\/v2\/pages\/2308","targetHints":{"allow":["GET"]}}],"collection":[{"href":"http:\/\/design.julienchazal.com\/en\/wp-json\/wp\/v2\/pages"}],"about":[{"href":"http:\/\/design.julienchazal.com\/en\/wp-json\/wp\/v2\/types\/page"}],"author":[{"embeddable":true,"href":"http:\/\/design.julienchazal.com\/en\/wp-json\/wp\/v2\/users\/1"}],"replies":[{"embeddable":true,"href":"http:\/\/design.julienchazal.com\/en\/wp-json\/wp\/v2\/comments?post=2308"}],"version-history":[{"count":25,"href":"http:\/\/design.julienchazal.com\/en\/wp-json\/wp\/v2\/pages\/2308\/revisions"}],"predecessor-version":[{"id":2572,"href":"http:\/\/design.julienchazal.com\/en\/wp-json\/wp\/v2\/pages\/2308\/revisions\/2572"}],"wp:attachment":[{"href":"http:\/\/design.julienchazal.com\/en\/wp-json\/wp\/v2\/media?parent=2308"}],"wp:term":[{"taxonomy":"folder","embeddable":true,"href":"http:\/\/design.julienchazal.com\/en\/wp-json\/wp\/v2\/folder?post=2308"}],"curies":[{"name":"wp","href":"https:\/\/api.w.org\/{rel}","templated":true}]}}