{"id":2290,"date":"2022-03-13T17:52:18","date_gmt":"2022-03-13T16:52:18","guid":{"rendered":"http:\/\/design.julienchazal.com\/?page_id=2290"},"modified":"2026-02-25T19:59:32","modified_gmt":"2026-02-25T18:59:32","slug":"mentions-legales","status":"publish","type":"page","link":"http:\/\/design.julienchazal.com\/en\/mentions-legales\/","title":{"rendered":"Legal Notice"},"content":{"rendered":"<div data-elementor-type=\"wp-page\" data-elementor-id=\"2290\" class=\"elementor elementor-2290\" data-elementor-settings=\"{&quot;ha_cmc_init_switcher&quot;:&quot;no&quot;}\">\n\t\t\t\t\t\t<section class=\"elementor-section elementor-top-section elementor-element elementor-element-370ec4d elementor-section-boxed elementor-section-height-default elementor-section-height-default\" data-id=\"370ec4d\" data-element_type=\"section\" data-e-type=\"section\" data-settings=\"{&quot;_ha_eqh_enable&quot;:false}\">\n\t\t\t\t\t\t<div class=\"elementor-container elementor-column-gap-default\">\n\t\t\t\t\t<div class=\"elementor-column elementor-col-100 elementor-top-column elementor-element elementor-element-346332a\" data-id=\"346332a\" data-element_type=\"column\" data-e-type=\"column\">\n\t\t\t<div class=\"elementor-widget-wrap elementor-element-populated\">\n\t\t\t\t\t\t<div class=\"elementor-element elementor-element-b295ed3 elementor-widget elementor-widget-heading\" data-id=\"b295ed3\" data-element_type=\"widget\" data-e-type=\"widget\" data-widget_type=\"heading.default\">\n\t\t\t\t<div class=\"elementor-widget-container\">\n\t\t\t\t\t<h2 class=\"elementor-heading-title elementor-size-default\">\nMentions l\u00e9gales<\/h2>\t\t\t\t<\/div>\n\t\t\t\t<\/div>\n\t\t\t\t<div class=\"elementor-element elementor-element-1baf48b elementor-widget elementor-widget-text-editor\" data-id=\"1baf48b\" data-element_type=\"widget\" data-e-type=\"widget\" data-widget_type=\"text-editor.default\">\n\t\t\t\t<div class=\"elementor-widget-container\">\n\t\t\t\t\t\t\t\t\t<div>\n<p><span style=\"color: #000000;\">Le site&nbsp; www.design.julienchazal.com, ci-apr\u00e8s d\u00e9nomm\u00e9 Site Web, est la propri\u00e9t\u00e9 de :<\/span><\/p>\n<p><span style=\"color: #333333;\"><strong>Julien Chazal &#8211; Artiste &amp; calligraphe professionnel<\/strong><\/span><br><span style=\"color: #333333;\">22, rue Titon &#8211; 75 011 &#8211; Paris (France)<br>Tel : 0(33)1 43 79 52 59 \u2022 0(33)6 75 07 21 63<br><\/span><\/p>\n<p><span style=\"color: #333333;\"><strong>N\u00b0Maison des Artistes \/ URSSAF<\/strong> : C211811<br><strong>Num\u00e9ro Siret<\/strong>&nbsp;: 420 088 866 00025<br>Non soumis \u00e0 TVA<br>H\u00e9bergeur : OVH<\/span><\/p>\n<h3><span style=\"color: #000000;\">Conditions d\u2019utilisation<\/span><\/h3>\n<p><span style=\"color: #000000;\">L\u2019utilisation de ce site est r\u00e9serv\u00e9e \u00e0 usage strictement professionnel. Toute reproduction ou repr\u00e9sentation, en tout ou partiellement, \u00e0 d\u2019autres fins sur un quelconque support est interdite. Le non respect de cette interdiction constitue une contrefa\u00e7on pouvant engager la responsabilit\u00e9 civile et p\u00e9nale du contrefacteur.<\/span><\/p>\n<h3><span style=\"color: #000000;\">Other provisions<\/span><\/h3>\n<p><span style=\"color: #000000;\">Les informations contenues dans le Site Web sont fournies pour la seule information g\u00e9n\u00e9rale des visiteurs, elles ne sauraient remplacer ou se substituer \u00e0 des conseils ou consultations de nature professionnelle.<\/span><\/p>\n<p><span style=\"color: #000000;\">Bien que l\u2019\u00c9diteur prenne le plus grand soin pour s\u2019assurer de la qualit\u00e9 et de la fiabilit\u00e9 des informations contenues sur le Site Web, ces derni\u00e8res sont fournies \u00e0 titre indicatives, sans aucune garantie, explicite ou implicite, de validit\u00e9, d\u2019exhaustivit\u00e9 ou d\u2019actualit\u00e9. En cons\u00e9quence de quoi, le visiteur reconna\u00eet utiliser ces informations sous sa seule et unique responsabilit\u00e9.<\/span><\/p>\n<h3><span style=\"color: #000000;\">Propri\u00e9t\u00e9 intellectuelle et contrefa\u00e7ons.<\/span><\/h3>\n<p><span style=\"color: #000000;\">Julien CHAZAL est propri\u00e9taire des droits de propri\u00e9t\u00e9 intellectuelle&nbsp;et&nbsp;d\u00e9tient les droits d\u2019usage sur tous les \u00e9l\u00e9ments accessibles sur le site, notamment les textes, images, graphismes, logo, ic\u00f4nes.<\/span><\/p>\n<p><span style=\"color: #000000;\">Toute reproduction, repr\u00e9sentation, modification, publication, adaptation de tout ou partie des \u00e9l\u00e9ments du site, quel que soit le moyen ou le proc\u00e9d\u00e9 utilis\u00e9, est interdite, sauf autorisation \u00e9crite pr\u00e9alable de M. Julien CHAZAL.<br><\/span><\/p>\n<p><span style=\"color: #000000;\">Toute exploitation non autoris\u00e9e du site ou de l\u2019un quelconque des \u00e9l\u00e9ments qu\u2019il contient sera consid\u00e9r\u00e9e comme constitutive d\u2019une contrefa\u00e7on et poursuivie conform\u00e9ment aux dispositions des articles L.335-2 et suivants du Code de Propri\u00e9t\u00e9 Intellectuelle.<\/span><\/p>\n<h3><span style=\"color: #000000;\">Cookies<\/span><\/h3>\n<p><span style=\"color: #000000;\">Des cookies sont susceptible d\u2019\u00eatre stock\u00e9s sur le terminal de l\u2019utilisateur afin d\u2019\u00e9tablir des statistiques sur la fr\u00e9quentation du site. Ils sont utilis\u00e9s pour identifier les pages consult\u00e9es ainsi que les comportements et parcours de navigation. Ces informations sont utiles pour am\u00e9liorer les contenus qui apparaissent sur le site.<\/span><\/p>\n<p><span style=\"color: #000000;\">Most Internet browsers automatically accept cookies.<\/span><\/p>\n<p><span style=\"color: #000000;\">L\u2019utilisateur peut d\u00e9sactiver les cookies afin de s\u2019opposer \u00e0 leur enregistrement sur son terminal ou les supprimer en utilisant les options de son navigateur.<\/span><\/p>\n<p><span style=\"color: #000000;\">Afin d\u2019exercer ces choix, les pages suivantes peuvent notamment \u00eatre consult\u00e9es :<\/span><\/p>\n<p><span style=\"color: #000000;\">For Google Chrome :<\/span><br><span style=\"color: #000000;\">1 \u2013 Allez dans le menu \u00ab Outils \u00bb<\/span><br><span style=\"color: #000000;\">2 \u2013 Cliquez sur \u00ab Param\u00e8tres \u00bb et \u00ab Afficher les param\u00e8tres avanc\u00e9s \u00bb<\/span><br><span style=\"color: #000000;\">3 \u2013 Cliquez sur \u00ab Param\u00e8tres de contenu\u2026 \u00bb dans la partie confidentialit\u00e9<\/span><br><span style=\"color: #000000;\">4 \u2013 Cliquez sur \u00ab Cookies et donn\u00e9es de site\u2026 \u00bb dans la nouvelle fen\u00eatre<\/span><br><span style=\"color: #000000;\">5 \u2013 Cliquez sur \u00ab Tout supprimer \u00bb et validez en cliquant sur \u00ab OK \u00bb<\/span><br><span style=\"color: #000000;\">Plus d\u2019informations sur :&nbsp;<a style=\"color: #000000;\" href=\"https:\/\/support.google.com\/chrome\/answer\/95647?hl=fr&amp;hlrm=fr\" target=\"_blank\" rel=\"noreferrer noopener\">https:\/\/support.google.com\/chrome\/answer\/95647?hl=fr&amp;hlrm=fr<\/a><\/span><\/p>\n<p><span style=\"color: #000000;\">For Microsoft Internet Explorer :<\/span><br><span style=\"color: #000000;\">1 \u2013 Allez dans le menu \u00ab&nbsp;outil&nbsp;\u00bb puis \u00ab&nbsp;options Internet&nbsp;\u00bb<\/span><br><span style=\"color: #000000;\">2 \u2013 Cliquez sur l\u2019ic\u00f4ne \u00ab&nbsp;Confidentialit\u00e9&nbsp;\u00bb<\/span><br><span style=\"color: #000000;\">3 \u2013 S\u00e9lectionnez le niveau souhait\u00e9 \u00e0 l\u2019aide de votre souris<\/span><br><span style=\"color: #000000;\">Plus d\u2019informations sur :&nbsp;<a style=\"color: #000000;\" href=\"http:\/\/windows.microsoft.com\/fr-FR\/windows-vista\/Block-or-allow-cookies\" target=\"_blank\" rel=\"noreferrer noopener\">http:\/\/windows.microsoft.com\/fr-FR\/windows-vista\/Block-or-allow-cookies<\/a><\/span><\/p>\n<p><span style=\"color: #000000;\">For Mozilla Firefox :<\/span><br><span style=\"color: #000000;\">1 \u2013 Choisissez le menu \u00ab&nbsp;outil&nbsp;\u00bb puis \u00ab&nbsp;options&nbsp;\u00bb<\/span><br><span style=\"color: #000000;\">2 \u2013 Cliquez sur l\u2019ic\u00f4ne \u00ab&nbsp;vie priv\u00e9e&nbsp;\u00bb<\/span><br><span style=\"color: #000000;\">3 \u2013 Trouvez le menu \u00ab&nbsp;cookie&nbsp;\u00bb et s\u00e9lectionnez les options qui vous conviennent<\/span><br><span style=\"color: #000000;\">Plus d\u2019informations sur :&nbsp;<a style=\"color: #000000;\" href=\"http:\/\/support.mozilla.org\/fr\/kb\/activer-desactiver-cookies\" target=\"_blank\" rel=\"noreferrer noopener\">http:\/\/support.mozilla.org\/fr\/kb\/activer-desactiver-cookies<\/a><\/span><\/p>\n<p><span style=\"color: #000000;\">For Safari :<\/span><br><span style=\"color: #000000;\">1 \u2013 Allez dans le menu Safari \/ Pr\u00e9f\u00e9rences<\/span><br><span style=\"color: #000000;\">2 \u2013 Cliquez sur \u00ab confidentialit\u00e9 \u00bb<\/span><br><span style=\"color: #000000;\">3 \u2013 Dans \u00ab Bloquer les cookies \u00bb, cochez \u00ab Toujours \u00bb<\/span><br><span style=\"color: #000000;\">Plus d\u2019informations sur :&nbsp;<a style=\"color: #000000;\" href=\"http:\/\/www.apple.com\/legal\/privacy\/fr-ww\/cookies\/\" target=\"_blank\" rel=\"noreferrer noopener\">http:\/\/www.apple.com\/legal\/privacy\/fr-ww\/cookies\/<\/a><\/span><br><span style=\"color: #000000;\">L\u2019Utilisateur peut \u00e9galement param\u00e9trer son navigateur afin que celui-ci envoie un code \u00ab Do not Track \u00bb.<\/span><\/p>\n<p><span style=\"color: #000000;\">Pour plus d\u2019informations sur les cookies et les modalit\u00e9s possibles de blocage, vous pouvez \u00e9galement vous reporter au site&nbsp;<a style=\"color: #000000;\" href=\"http:\/\/www.youronlinechoices.com\/fr\/\" target=\"_blank\" rel=\"noreferrer noopener\">http:\/\/www.youronlinechoices.com\/fr\/<\/a>&nbsp;or to the CNIL website&nbsp;<a style=\"color: #000000;\" href=\"http:\/\/www.cnil.fr\/vos-droits\/vos-traces\/les-cookies\/conseils-aux-internautes\/chrome\" target=\"_blank\" rel=\"noreferrer noopener\">http:\/\/www.cnil.fr\/vos-droits\/vos-traces\/les-cookies\/conseils-aux-internautes\/chrome<\/a>.<\/span><\/p>\n<h3><span style=\"color: #000000;\">Google Analytics<\/span><\/h3>\n<p><span style=\"color: #000000;\">Ce site utilise Google Analytics, un service d\u2019analyse de site Internet fourni par Google Inc. (\u00ab Google \u00bb). Google Analytics utilise des cookies, qui sont des fichiers texte plac\u00e9s sur votre ordinateur, pour aider le site internet \u00e0 analyser l\u2019utilisation du site par ses utilisateurs. Les donn\u00e9es g\u00e9n\u00e9r\u00e9es par les cookies concernant votre utilisation du site (y compris votre adresse IP) seront transmises et stock\u00e9es par Google sur des serveurs situ\u00e9s aux Etats-Unis.<\/span><\/p>\n<p><span style=\"color: #000000;\">Google utilisera cette information dans le but d\u2019\u00e9valuer votre utilisation du site, de compiler des rapports sur l\u2019activit\u00e9 du site \u00e0 destination de son \u00e9diteur et de fournir d\u2019autres services relatifs \u00e0 l\u2019activit\u00e9 du site et \u00e0 l\u2019utilisation d\u2019Internet. Google est susceptible de communiquer ces donn\u00e9es \u00e0 des tiers en cas d\u2019obligation l\u00e9gale ou lorsque ces tiers traitent ces donn\u00e9es pour le compte de Google, y compris notamment l\u2019\u00e9diteur de ce site. Google ne recoupera pas votre adresse IP avec toute autre donn\u00e9e d\u00e9tenue par Google. Vous pouvez d\u00e9sactiver l\u2019utilisation de cookies en s\u00e9lectionnant les param\u00e8tres appropri\u00e9s de votre navigateur. Cependant, une telle d\u00e9sactivation pourrait emp\u00eacher l\u2019utilisation de certaines fonctionnalit\u00e9s de ce site.<\/span><\/p>\n<p><span style=\"color: #000000;\">En utilisant ce site Internet, vous consentez express\u00e9ment au traitement de vos donn\u00e9es nominatives par Google dans les conditions et pour les finalit\u00e9s d\u00e9crites ci-dessus.<\/span><\/p>\n<h3><span style=\"color: #000000;\">Gestion des donn\u00e9es personnelles<\/span><\/h3>\n<p><span style=\"color: #000000;\">En France, les donn\u00e9es personnelles sont notamment prot\u00e9g\u00e9es par la loi n\u00b0 78-87 du 6 janvier 1978, la loi n\u00b0 2004-801 du 6 ao\u00fbt 2004, l\u2019article L. 226-13 du Code p\u00e9nal et la Directive Europ\u00e9enne du 24 octobre 1995.<\/span><\/p>\n<p><span style=\"color: #000000;\">\u00c0 l\u2019occasion de l\u2019utilisation du site http:\/\/design.julienchazal.com, peuvent \u00eatres recueillies : l\u2019URL des liens par l\u2019interm\u00e9diaire desquels l\u2019utilisateur a acc\u00e9d\u00e9 au site, le fournisseur d\u2019acc\u00e8s de l\u2019utilisateur, l\u2019adresse de protocole Internet (IP) de l\u2019utilisateur.<\/span><\/p>\n<p><span style=\"color: #000000;\">En tout \u00e9tat de cause M. Julien CHAZAL ne collecte des informations personnelles relatives \u00e0 l\u2019utilisateur que pour le besoin de certains services propos\u00e9s par le site. L\u2019utilisateur fournit ces informations en toute connaissance de cause, notamment lorsqu\u2019il proc\u00e8de par lui-m\u00eame \u00e0 leur saisie. Il est alors pr\u00e9cis\u00e9 \u00e0 l\u2019utilisateur du site l\u2019obligation ou non de fournir ces informations.<\/span><\/p>\n<p><span style=\"color: #000000;\">Le site n\u2019est pas d\u00e9clar\u00e9 \u00e0 la CNIL.<\/span><\/p>\n<h3><span style=\"color: #000000;\">Terms and conditions of sale<\/span><\/h3>\n<ul>\n<li><span style=\"color: #000000;\">Modalit\u00e9s de paiement : Comptant, net et sans escompte<\/span><\/li>\n<li><span style=\"color: #000000;\">L\u2019acqu\u00e9reur accepte que son droit de r\u00e9tractation ne peut \u00eatre exerc\u00e9 et reconnait que le service concern\u00e9 par la transaction et totalement ex\u00e9cut\u00e9.<\/span><\/li>\n<li><span style=\"color: #000000;\">Les prix de vente sont exprim\u00e9s en euros. L&rsquo;artiste Julien CHAZAL n&rsquo;est pas soumis \u00e0 TVA. <br><\/span><\/li>\n<li><span style=\"color: #000000;\">Frais de livraison en suppl\u00e9ment aux conditions de transport et d\u2019assurance assur\u00e9s par colissimo, chronopost ou tout autres transporteur.<\/span><\/li>\n<\/ul>\n<h3><span style=\"color: #000000;\">Disponibilit\u00e9<\/span><\/h3>\n<p><span style=\"color: #000000;\">Le fonctionnement du site peut \u00eatre affect\u00e9 par des \u00e9v\u00e9nements que nous ne contr\u00f4lons pas, tels que par exemple, des pannes r\u00e9seau ou de transmission entre votre poste informatique, le r\u00e9seau internet, votre fournisseur d\u2019acc\u00e8s, notre h\u00e9bergeur.<\/span><br><span style=\"color: #000000;\">Nous, nos fournisseurs de services ou h\u00e9bergeur, nous r\u00e9servons \u00e9galement le droit, \u00e0 tout moment, d\u2019interrompre temporairement, tout ou partie du site pour effectuer des op\u00e9rations de maintenance, des am\u00e9liorations ou des modifications sur le site ou le serveur qui l\u2019h\u00e9berge sans \u00eatre tenus pour responsables de ces suspensions ou interruptions.<\/span><\/p>\n<h3><span style=\"color: #333333;\">Contact us<\/span><\/h3>\n<p><span style=\"color: #333333;\">For all contacts : design@julienchazal.com<\/span><\/p>\n<p><span style=\"color: #000000;\"><\/span><\/p><\/div>\t\t\t\t\t\t\t\t<\/div>\n\t\t\t\t<\/div>\n\t\t\t\t\t<\/div>\n\t\t<\/div>\n\t\t\t\t\t<\/div>\n\t\t<\/section>\n\t\t\t\t<\/div>","protected":false},"excerpt":{"rendered":"<p>Mentions l\u00e9gales Le site&nbsp; www.design.julienchazal.com, ci-apr\u00e8s d\u00e9nomm\u00e9 Site Web, est la propri\u00e9t\u00e9 de : Julien Chazal &#8211; Artiste &amp; calligraphe professionnel22, rue Titon &#8211; 75 011 &#8211; Paris (France)Tel : 0(33)1 43 79 52 59 \u2022 0(33)6 75 07 21 63 N\u00b0Maison des Artistes \/ URSSAF : C211811Num\u00e9ro Siret&nbsp;: 420 088 866 00025Non soumis \u00e0 [&hellip;]<\/p>\n","protected":false},"author":1,"featured_media":0,"parent":0,"menu_order":0,"comment_status":"closed","ping_status":"closed","template":"","meta":{"iawp_total_views":1,"footnotes":""},"folder":[],"class_list":["post-2290","page","type-page","status-publish","hentry"],"blocksy_meta":{"styles_descriptor":{"styles":{"desktop":"","tablet":"","mobile":""},"google_fonts":[],"version":6}},"_links":{"self":[{"href":"http:\/\/design.julienchazal.com\/en\/wp-json\/wp\/v2\/pages\/2290","targetHints":{"allow":["GET"]}}],"collection":[{"href":"http:\/\/design.julienchazal.com\/en\/wp-json\/wp\/v2\/pages"}],"about":[{"href":"http:\/\/design.julienchazal.com\/en\/wp-json\/wp\/v2\/types\/page"}],"author":[{"embeddable":true,"href":"http:\/\/design.julienchazal.com\/en\/wp-json\/wp\/v2\/users\/1"}],"replies":[{"embeddable":true,"href":"http:\/\/design.julienchazal.com\/en\/wp-json\/wp\/v2\/comments?post=2290"}],"version-history":[{"count":25,"href":"http:\/\/design.julienchazal.com\/en\/wp-json\/wp\/v2\/pages\/2290\/revisions"}],"predecessor-version":[{"id":2569,"href":"http:\/\/design.julienchazal.com\/en\/wp-json\/wp\/v2\/pages\/2290\/revisions\/2569"}],"wp:attachment":[{"href":"http:\/\/design.julienchazal.com\/en\/wp-json\/wp\/v2\/media?parent=2290"}],"wp:term":[{"taxonomy":"folder","embeddable":true,"href":"http:\/\/design.julienchazal.com\/en\/wp-json\/wp\/v2\/folder?post=2290"}],"curies":[{"name":"wp","href":"https:\/\/api.w.org\/{rel}","templated":true}]}}